{"id":2,"date":"2020-04-18T15:37:44","date_gmt":"2020-04-18T13:37:44","guid":{"rendered":"https:\/\/www.freimaurer.work\/?page_id=2"},"modified":"2020-04-19T17:20:01","modified_gmt":"2020-04-19T15:20:01","slug":"beispiel-seite","status":"publish","type":"page","link":"https:\/\/www.freimaurer.work\/?page_id=2","title":{"rendered":"Freimaurer"},"content":{"rendered":"\n<p class=\"has-medium-font-size\"><a href=\"http:\/\/freimaurer.at\">Freimaurerei <\/a>ist nicht ersch\u00f6pfend zu definieren, ihr Grundkonsens muss zu verschiedenen Zeiten an verschiedenen Orten aktuell und gesellschaftsbezogen interpretiert und gelebt werden: man kann als Grundkonsens der <a href=\"http:\/\/freimaurer.at\">Freimaurerei <\/a>das Streben nach M\u00fcndigkeit des Menschen und nach Toleranz bezeichnen. <\/p>\n\n\n\n<p class=\"has-medium-font-size\">Freimaurerei wird nicht ausge\u00fcbt blo\u00df durch Betrachtung der Vergangenheit, sie ersch\u00f6pft sich auch nicht im Ritual und ist unvereinbar mit dem R\u00fcckzug in den elfenbeinernen Turm: sie ist ununterbrochenes Suchen nach neuen Aufgaben und untrennbar verbunden mit dem Versuch, Antworten zu finden: denn nur, was sich bewegt, ist lebendig. <\/p>\n\n\n\n<p class=\"has-medium-font-size\">Die ganze Breite der Interpretationsm\u00f6glichkeiten des Grundkonsenses schlie\u00dft die einzelnen, sehr differenzierten Glieder der <a href=\"http:\/\/freimaurer.at\">freimaurerischen <\/a>Kette zusammen. <\/p>\n\n\n\n<p class=\"has-medium-font-size\"><a href=\"http:\/\/freimaurer.at\">Freimaurerische <\/a>Arbeit wird in den Logen geleistet, die als Kleingruppen und Gespr\u00e4chsgemeinschaften sich mit den Problemen der Zeit auseinandersetzen. Die Logen sind im Rahmen des Grundkonsenses autonom. In der Regel kann nur der Einzelne oder die kreative Kleingruppe nach au\u00dfen hin im <a href=\"http:\/\/freimaurer.at\">freimaurerischen <\/a>Sinn wirken. <\/p>\n\n\n\n<p class=\"has-medium-font-size\">Die Loge gibt als Ort vorbehaltloser geistiger Auseinandersetzung und emotionaler Aufrichtigkeit die M\u00f6glichkeit f\u00fcr theoretische und praktische Erprobung der Ideen und unterst\u00fctzt den Einzelnen bei seiner Arbeit.<\/p>\n","protected":false},"excerpt":{"rendered":"<p>Freimaurerei ist nicht ersch\u00f6pfend zu definieren, ihr Grundkonsens muss zu verschiedenen Zeiten an verschiedenen Orten aktuell und gesellschaftsbezogen interpretiert und gelebt werden: man kann als Grundkonsens der Freimaurerei das Streben nach M\u00fcndigkeit des Menschen und nach Toleranz bezeichnen. Freimaurerei wird nicht ausge\u00fcbt blo\u00df durch Betrachtung der Vergangenheit, sie ersch\u00f6pft sich auch nicht im Ritual und ist unvereinbar mit dem R\u00fcckzug in den elfenbeinernen Turm: sie ist ununterbrochenes Suchen nach neuen Aufgaben und untrennbar verbunden mit dem Versuch, Antworten zu finden: denn nur, was sich bewegt, ist lebendig. Die ganze Breite der Interpretationsm\u00f6glichkeiten des Grundkonsenses schlie\u00dft die einzelnen, sehr differenzierten Glieder der freimaurerischen Kette zusammen. Freimaurerische Arbeit wird in den Logen geleistet, die als Kleingruppen und Gespr\u00e4chsgemeinschaften sich mit den Problemen der Zeit auseinandersetzen. Die Logen sind im Rahmen des Grundkonsenses autonom. In der Regel kann nur der Einzelne oder die kreative Kleingruppe nach au\u00dfen hin im freimaurerischen Sinn wirken. Die Loge gibt als Ort vorbehaltloser geistiger Auseinandersetzung und emotionaler Aufrichtigkeit die M\u00f6glichkeit f\u00fcr theoretische und praktische Erprobung der Ideen und unterst\u00fctzt den Einzelnen bei seiner Arbeit.<\/p>\n","protected":false},"author":3,"featured_media":0,"parent":0,"menu_order":0,"comment_status":"closed","ping_status":"open","template":"","meta":[],"_links":{"self":[{"href":"https:\/\/www.freimaurer.work\/index.php?rest_route=\/wp\/v2\/pages\/2"}],"collection":[{"href":"https:\/\/www.freimaurer.work\/index.php?rest_route=\/wp\/v2\/pages"}],"about":[{"href":"https:\/\/www.freimaurer.work\/index.php?rest_route=\/wp\/v2\/types\/page"}],"author":[{"embeddable":true,"href":"https:\/\/www.freimaurer.work\/index.php?rest_route=\/wp\/v2\/users\/3"}],"replies":[{"embeddable":true,"href":"https:\/\/www.freimaurer.work\/index.php?rest_route=%2Fwp%2Fv2%2Fcomments&post=2"}],"version-history":[{"count":5,"href":"https:\/\/www.freimaurer.work\/index.php?rest_route=\/wp\/v2\/pages\/2\/revisions"}],"predecessor-version":[{"id":99,"href":"https:\/\/www.freimaurer.work\/index.php?rest_route=\/wp\/v2\/pages\/2\/revisions\/99"}],"wp:attachment":[{"href":"https:\/\/www.freimaurer.work\/index.php?rest_route=%2Fwp%2Fv2%2Fmedia&parent=2"}],"curies":[{"name":"wp","href":"https:\/\/api.w.org\/{rel}","templated":true}]}}