{"id":48,"date":"2020-04-19T16:11:53","date_gmt":"2020-04-19T14:11:53","guid":{"rendered":"https:\/\/www.freimaurer.work\/?page_id=48"},"modified":"2021-07-15T06:38:04","modified_gmt":"2021-07-15T04:38:04","slug":"arbeit-raum-zeit","status":"publish","type":"page","link":"https:\/\/www.freimaurer.work\/","title":{"rendered":"Arbeit &#8211; Raum &#8211; Zeit"},"content":{"rendered":"\n<div class=\"wp-block-group\"><div class=\"wp-block-group__inner-container\">\n<p class=\"has-normal-font-size\">Zeit und Raum bilden den nat\u00fcrlichen Rahmen f\u00fcr die Wirklichkeit. Hier wirkt der Mensch durch seiner Arbeit. Was wirkt au\u00dferhalb von Raum und Zeit? Ein Geheimnis.<\/p>\n<\/div><\/div>\n\n\n\n<div class=\"wp-block-image\"><figure class=\"aligncenter size-large\"><a href=\"https:\/\/mediathek.freimaurer.work\" target=\"_blank\" rel=\"noopener noreferrer\"><img loading=\"lazy\" width=\"209\" height=\"130\" src=\"https:\/\/www.freimaurer.work\/wp-content\/uploads\/2020\/04\/rose4.png\" alt=\"\" class=\"wp-image-21\"\/><\/a><\/figure><\/div>\n\n\n\n<figure class=\"wp-block-table aligncenter is-style-stripes\"><table><tbody><tr><td><em>Dreifach ist der Schritt der Zeit:<br>Z\u00f6gernd kommt die Zukunft hergezogen,<br>Pfeilschnell ist das Jetzt entflogen,<br>Ewig still steht die Vergangenheit.<\/em><br><br><em>Keine Ungeduld befl\u00fcgelt<br>Ihren Schritt, wenn sie verweilt.<br>Keine Furcht, kein Zweifeln z\u00fcgelt<br>Ihren Lauf, wenn sie enteilt.<br>Keine Reu, kein Zaubersegen<br>Kann die stehende bewegen.<\/em><br><br><em>M\u00f6chtest du begl\u00fcckt und weise<br>Endigen des Lebens Reise,<br>Nimm die z\u00f6gernde zum Rat,<br>Nicht zum Werkzeug deiner Tat.<br>W\u00e4hle nicht die fliehende zum Freund,<br>Nicht die bleibende zum Feind.<\/em><\/td><td><em>Dreifach ist des Raumes Ma\u00df:<br>Rastlos fort ohn&#8216; Unterla\u00df<br>Strebt die L\u00e4nge; fort ins Weite<br>Endlos gie\u00dfet sich die Breite;<br>Grundlos senkt die Tiefe sich.<\/em><br><br><em>Dir ein Bild sind sie gegeben:<br>Rastlos vorw\u00e4rts mu\u00dft du streben,<br>Nie erm\u00fcdet stillestehn,<br>Willst du die Vollendung sehn;<\/em><br><em>Mu\u00dft ins Breite dich entfalten,<br>Soll sich dir die Welt gestalten;<br>In die Tiefe mu\u00dft du steigen,<br>Soll sich dir das Wesen zeigen.<br>Nur Beharrung f\u00fchrt zum Ziel,<br>Nur die F\u00fclle f\u00fchrt zur Klarheit,<br>Und im Abgrund wohnt die Wahrheit.<\/em><\/td><\/tr><\/tbody><\/table><figcaption><em>Spr\u00fcche des Konfuzius &#8211; Friedrich von Schiller<\/em> <em>(1759 &#8211; 1805)<\/em><\/figcaption><\/figure>\n\n\n\n<p><\/p>\n","protected":false},"excerpt":{"rendered":"<p>Zeit und Raum bilden den nat\u00fcrlichen Rahmen f\u00fcr die Wirklichkeit. Hier wirkt der Mensch durch seiner Arbeit. Was wirkt au\u00dferhalb von Raum und Zeit? Ein Geheimnis. Dreifach ist der Schritt der Zeit:Z\u00f6gernd kommt die Zukunft hergezogen,Pfeilschnell ist das Jetzt entflogen,Ewig still steht die Vergangenheit. Keine Ungeduld befl\u00fcgeltIhren Schritt, wenn sie verweilt.Keine Furcht, kein Zweifeln z\u00fcgeltIhren Lauf, wenn sie enteilt.Keine Reu, kein ZaubersegenKann die stehende bewegen. M\u00f6chtest du begl\u00fcckt und weiseEndigen des Lebens Reise,Nimm die z\u00f6gernde zum Rat,Nicht zum Werkzeug deiner Tat.W\u00e4hle nicht die fliehende zum Freund,Nicht die bleibende zum Feind. Dreifach ist des Raumes Ma\u00df:Rastlos fort ohn&#8216; Unterla\u00dfStrebt die L\u00e4nge; fort ins WeiteEndlos gie\u00dfet sich die Breite;Grundlos senkt die Tiefe sich. Dir ein Bild sind sie gegeben:Rastlos vorw\u00e4rts mu\u00dft du streben,Nie erm\u00fcdet stillestehn,Willst du die Vollendung sehn;Mu\u00dft ins Breite dich entfalten,Soll sich dir die Welt gestalten;In die Tiefe mu\u00dft du steigen,Soll sich dir das Wesen zeigen.Nur Beharrung f\u00fchrt zum Ziel,Nur die F\u00fclle f\u00fchrt zur Klarheit,Und im Abgrund wohnt die Wahrheit. Spr\u00fcche des Konfuzius &#8211; Friedrich von Schiller (1759 &#8211; 1805)<\/p>\n","protected":false},"author":3,"featured_media":0,"parent":0,"menu_order":0,"comment_status":"closed","ping_status":"closed","template":"","meta":[],"_links":{"self":[{"href":"https:\/\/www.freimaurer.work\/index.php?rest_route=\/wp\/v2\/pages\/48"}],"collection":[{"href":"https:\/\/www.freimaurer.work\/index.php?rest_route=\/wp\/v2\/pages"}],"about":[{"href":"https:\/\/www.freimaurer.work\/index.php?rest_route=\/wp\/v2\/types\/page"}],"author":[{"embeddable":true,"href":"https:\/\/www.freimaurer.work\/index.php?rest_route=\/wp\/v2\/users\/3"}],"replies":[{"embeddable":true,"href":"https:\/\/www.freimaurer.work\/index.php?rest_route=%2Fwp%2Fv2%2Fcomments&post=48"}],"version-history":[{"count":17,"href":"https:\/\/www.freimaurer.work\/index.php?rest_route=\/wp\/v2\/pages\/48\/revisions"}],"predecessor-version":[{"id":106,"href":"https:\/\/www.freimaurer.work\/index.php?rest_route=\/wp\/v2\/pages\/48\/revisions\/106"}],"wp:attachment":[{"href":"https:\/\/www.freimaurer.work\/index.php?rest_route=%2Fwp%2Fv2%2Fmedia&parent=48"}],"curies":[{"name":"wp","href":"https:\/\/api.w.org\/{rel}","templated":true}]}}