{"id":72,"date":"2020-04-19T17:24:27","date_gmt":"2020-04-19T15:24:27","guid":{"rendered":"https:\/\/www.freimaurer.work\/?page_id=72"},"modified":"2020-04-19T17:24:27","modified_gmt":"2020-04-19T15:24:27","slug":"impressum","status":"publish","type":"page","link":"https:\/\/www.freimaurer.work\/?page_id=72","title":{"rendered":"Impressum"},"content":{"rendered":"\n<p class=\"has-medium-font-size\">Verein &#8222;Gro\u00dforient von \u00d6sterreich &#8211; Freimaurerbund&#8220; mit Sitz in Wien<\/p>\n\n\n\n<p class=\"has-medium-font-size\"><br>Zustelladresse: Postfach 57, Postamt 1080 Wien<\/p>\n\n\n\n<p><\/p>\n\n\n\n<p class=\"has-large-font-size\">Haftungshinweis<\/p>\n\n\n\n<p class=\"has-medium-font-size\">Trotz sorgf\u00e4ltiger inhaltlicher Kontrolle \u00fcbernehmen wir keine Haftung f\u00fcr die Inhalte externer Links. F\u00fcr den Inhalt der verlinkten Seiten sind ausschlie\u00dflich deren Betreiber verantwortlich.<\/p>\n\n\n\n<p class=\"has-large-font-size\">Bildnachweise<\/p>\n\n\n\n<p class=\"has-medium-font-size\">Urheber und Bildquelle der im Original-Layout &#8222;Ashe&#8220;\u00a0verwendeten Bilder:<br>Es wurden nur lizenzfreie Fotos verwendet.<\/p>\n","protected":false},"excerpt":{"rendered":"<p>Verein &#8222;Gro\u00dforient von \u00d6sterreich &#8211; Freimaurerbund&#8220; mit Sitz in Wien Zustelladresse: Postfach 57, Postamt 1080 Wien Haftungshinweis Trotz sorgf\u00e4ltiger inhaltlicher Kontrolle \u00fcbernehmen wir keine Haftung f\u00fcr die Inhalte externer Links. F\u00fcr den Inhalt der verlinkten Seiten sind ausschlie\u00dflich deren Betreiber verantwortlich. Bildnachweise Urheber und Bildquelle der im Original-Layout &#8222;Ashe&#8220;\u00a0verwendeten Bilder:Es wurden nur lizenzfreie Fotos verwendet.<\/p>\n","protected":false},"author":3,"featured_media":0,"parent":0,"menu_order":0,"comment_status":"closed","ping_status":"closed","template":"","meta":[],"_links":{"self":[{"href":"https:\/\/www.freimaurer.work\/index.php?rest_route=\/wp\/v2\/pages\/72"}],"collection":[{"href":"https:\/\/www.freimaurer.work\/index.php?rest_route=\/wp\/v2\/pages"}],"about":[{"href":"https:\/\/www.freimaurer.work\/index.php?rest_route=\/wp\/v2\/types\/page"}],"author":[{"embeddable":true,"href":"https:\/\/www.freimaurer.work\/index.php?rest_route=\/wp\/v2\/users\/3"}],"replies":[{"embeddable":true,"href":"https:\/\/www.freimaurer.work\/index.php?rest_route=%2Fwp%2Fv2%2Fcomments&post=72"}],"version-history":[{"count":3,"href":"https:\/\/www.freimaurer.work\/index.php?rest_route=\/wp\/v2\/pages\/72\/revisions"}],"predecessor-version":[{"id":76,"href":"https:\/\/www.freimaurer.work\/index.php?rest_route=\/wp\/v2\/pages\/72\/revisions\/76"}],"wp:attachment":[{"href":"https:\/\/www.freimaurer.work\/index.php?rest_route=%2Fwp%2Fv2%2Fmedia&parent=72"}],"curies":[{"name":"wp","href":"https:\/\/api.w.org\/{rel}","templated":true}]}}